{"id":126,"date":"2022-02-16T14:18:06","date_gmt":"2022-02-16T13:18:06","guid":{"rendered":"https:\/\/2022.birrer.swiss\/?page_id=126"},"modified":"2022-02-16T14:21:34","modified_gmt":"2022-02-16T13:21:34","slug":"business","status":"publish","type":"page","link":"https:\/\/birrer.swiss\/?page_id=126","title":{"rendered":"Business"},"content":{"rendered":"\n<div class=\"wp-block-media-text alignwide is-stacked-on-mobile\"><figure class=\"wp-block-media-text__media\"><img fetchpriority=\"high\" decoding=\"async\" width=\"1024\" height=\"280\" src=\"https:\/\/2022.birrer.swiss\/wp-content\/uploads\/2022\/02\/LOGO_birrerNETWORK_TRANS-1024x280.png\" alt=\"\" class=\"wp-image-128 size-full\" srcset=\"https:\/\/birrer.swiss\/wp-content\/uploads\/2022\/02\/LOGO_birrerNETWORK_TRANS-1024x280.png 1024w, https:\/\/birrer.swiss\/wp-content\/uploads\/2022\/02\/LOGO_birrerNETWORK_TRANS-300x82.png 300w, https:\/\/birrer.swiss\/wp-content\/uploads\/2022\/02\/LOGO_birrerNETWORK_TRANS-768x210.png 768w, https:\/\/birrer.swiss\/wp-content\/uploads\/2022\/02\/LOGO_birrerNETWORK_TRANS-1536x420.png 1536w, https:\/\/birrer.swiss\/wp-content\/uploads\/2022\/02\/LOGO_birrerNETWORK_TRANS-2048x559.png 2048w, https:\/\/birrer.swiss\/wp-content\/uploads\/2022\/02\/LOGO_birrerNETWORK_TRANS-2000x546.png 2000w\" sizes=\"(max-width: 1024px) 100vw, 1024px\" \/><\/figure><div class=\"wp-block-media-text__content\">\n<p><strong>birrer.network ag<\/strong><br>www.birrer-network.com<\/p>\n\n\n\n<p>Cyber Security und Netzwerktechnik f\u00fcr KMU<\/p>\n<\/div><\/div>\n\n\n\n<hr class=\"wp-block-separator\"\/>\n\n\n\n<div class=\"wp-block-media-text alignwide is-stacked-on-mobile\"><figure class=\"wp-block-media-text__media\"><img decoding=\"async\" width=\"512\" height=\"81\" src=\"https:\/\/2022.birrer.swiss\/wp-content\/uploads\/2022\/02\/megabyte_logo_512_trans.png\" alt=\"\" class=\"wp-image-129 size-full\" srcset=\"https:\/\/birrer.swiss\/wp-content\/uploads\/2022\/02\/megabyte_logo_512_trans.png 512w, https:\/\/birrer.swiss\/wp-content\/uploads\/2022\/02\/megabyte_logo_512_trans-300x47.png 300w\" sizes=\"(max-width: 512px) 100vw, 512px\" \/><\/figure><div class=\"wp-block-media-text__content\">\n<p><strong>megaBYTE AG<\/strong><br>www.megabyte .ch<br><\/p>\n\n\n\n<p>SIP Trunks und Hosted PBX L\u00f6sungen von und f\u00fcr Schweizer KMU.<\/p>\n<\/div><\/div>\n\n\n\n<hr class=\"wp-block-separator\"\/>\n\n\n\n<div class=\"wp-block-media-text alignwide is-stacked-on-mobile\"><figure class=\"wp-block-media-text__media\"><img decoding=\"async\" width=\"800\" height=\"134\" src=\"https:\/\/2022.birrer.swiss\/wp-content\/uploads\/2022\/02\/Logo_Entire_trans_800.png\" alt=\"\" class=\"wp-image-133 size-full\" srcset=\"https:\/\/birrer.swiss\/wp-content\/uploads\/2022\/02\/Logo_Entire_trans_800.png 800w, https:\/\/birrer.swiss\/wp-content\/uploads\/2022\/02\/Logo_Entire_trans_800-300x50.png 300w, https:\/\/birrer.swiss\/wp-content\/uploads\/2022\/02\/Logo_Entire_trans_800-768x129.png 768w\" sizes=\"(max-width: 800px) 100vw, 800px\" \/><\/figure><div class=\"wp-block-media-text__content\">\n<p><strong>IT Schiedsgericht GmbH<\/strong><br>www.it-schiedsgericht.ch<br><\/p>\n\n\n\n<p>Schiedsgericht f\u00fcr IT Angelegeneheiten.<\/p>\n<\/div><\/div>\n\n\n\n<hr class=\"wp-block-separator\"\/>\n\n\n\n<div class=\"wp-block-media-text alignwide is-stacked-on-mobile\"><figure class=\"wp-block-media-text__media\"><img loading=\"lazy\" decoding=\"async\" width=\"350\" height=\"81\" src=\"https:\/\/2022.birrer.swiss\/wp-content\/uploads\/2022\/02\/Kirschsstrasse.png\" alt=\"\" class=\"wp-image-134 size-full\" srcset=\"https:\/\/birrer.swiss\/wp-content\/uploads\/2022\/02\/Kirschsstrasse.png 350w, https:\/\/birrer.swiss\/wp-content\/uploads\/2022\/02\/Kirschsstrasse-300x69.png 300w\" sizes=\"(max-width: 350px) 100vw, 350px\" \/><\/figure><div class=\"wp-block-media-text__content\">\n<p><strong>Kirschstrasse Schweiz GmbH<\/strong><br>www.kirschstrasse.ch<br><\/p>\n\n\n\n<p>Inszenierungen rum um die Kirsche<\/p>\n<\/div><\/div>\n\n\n\n<p><\/p>\n","protected":false},"excerpt":{"rendered":"<p>birrer.network agwww.birrer-network.com Cyber Security und Netzwerktechnik f\u00fcr KMU megaBYTE AGwww.megabyte .ch SIP Trunks und Hosted PBX L\u00f6sungen von und f\u00fcr Schweizer KMU. IT Schiedsgericht GmbHwww.it-schiedsgericht.ch Schiedsgericht f\u00fcr IT Angelegeneheiten. Kirschstrasse Schweiz GmbHwww.kirschstrasse.ch Inszenierungen rum um die Kirsche<\/p>\n","protected":false},"author":2,"featured_media":0,"parent":0,"menu_order":0,"comment_status":"closed","ping_status":"closed","template":"","meta":{"footnotes":""},"class_list":["post-126","page","type-page","status-publish","hentry"],"featured_media_urls":[],"_links":{"self":[{"href":"https:\/\/birrer.swiss\/index.php?rest_route=\/wp\/v2\/pages\/126","targetHints":{"allow":["GET"]}}],"collection":[{"href":"https:\/\/birrer.swiss\/index.php?rest_route=\/wp\/v2\/pages"}],"about":[{"href":"https:\/\/birrer.swiss\/index.php?rest_route=\/wp\/v2\/types\/page"}],"author":[{"embeddable":true,"href":"https:\/\/birrer.swiss\/index.php?rest_route=\/wp\/v2\/users\/2"}],"replies":[{"embeddable":true,"href":"https:\/\/birrer.swiss\/index.php?rest_route=%2Fwp%2Fv2%2Fcomments&post=126"}],"version-history":[{"count":3,"href":"https:\/\/birrer.swiss\/index.php?rest_route=\/wp\/v2\/pages\/126\/revisions"}],"predecessor-version":[{"id":135,"href":"https:\/\/birrer.swiss\/index.php?rest_route=\/wp\/v2\/pages\/126\/revisions\/135"}],"wp:attachment":[{"href":"https:\/\/birrer.swiss\/index.php?rest_route=%2Fwp%2Fv2%2Fmedia&parent=126"}],"curies":[{"name":"wp","href":"https:\/\/api.w.org\/{rel}","templated":true}]}}