{"id":178,"date":"2022-02-16T16:14:45","date_gmt":"2022-02-16T15:14:45","guid":{"rendered":"https:\/\/2022.birrer.swiss\/?page_id=178"},"modified":"2025-04-19T10:54:17","modified_gmt":"2025-04-19T08:54:17","slug":"ueber-michi","status":"publish","type":"page","link":"https:\/\/birrer.swiss\/?page_id=178","title":{"rendered":"\u00dcber mich(i)"},"content":{"rendered":"\n<div class=\"wp-block-media-text alignwide is-stacked-on-mobile\" style=\"grid-template-columns:33% auto\"><figure class=\"wp-block-media-text__media\"><img fetchpriority=\"high\" decoding=\"async\" width=\"652\" height=\"1024\" src=\"https:\/\/birrer.swiss\/wp-content\/uploads\/2023\/11\/photo_2023-11-24_12-56-20-652x1024.jpg\" alt=\"\" class=\"wp-image-1891 size-medium\" srcset=\"https:\/\/birrer.swiss\/wp-content\/uploads\/2023\/11\/photo_2023-11-24_12-56-20-652x1024.jpg 652w, https:\/\/birrer.swiss\/wp-content\/uploads\/2023\/11\/photo_2023-11-24_12-56-20-191x300.jpg 191w, https:\/\/birrer.swiss\/wp-content\/uploads\/2023\/11\/photo_2023-11-24_12-56-20-768x1206.jpg 768w, https:\/\/birrer.swiss\/wp-content\/uploads\/2023\/11\/photo_2023-11-24_12-56-20-600x942.jpg 600w, https:\/\/birrer.swiss\/wp-content\/uploads\/2023\/11\/photo_2023-11-24_12-56-20.jpg 815w\" sizes=\"(max-width: 652px) 100vw, 652px\" \/><\/figure><div class=\"wp-block-media-text__content\">\n<p class=\"has-large-font-size\">Michael A. Birrer<\/p>\n\n\n\n<p><\/p>\n\n\n\n<p><em>Kontakt:<\/em><br>Telefon  +41 41 540 04 04<br>eMail:    michael@birrer.swiss<\/p>\n\n\n\n<p><em>Social Media:<\/em><br><a href=\"https:\/\/www.facebook.com\/michael.birrer\">https:\/\/www.facebook.com\/michael.birrer<\/a><br><a href=\"https:\/\/www.linkedin.com\/in\/michaelbirrer\/\">https:\/\/www.linkedin.com\/in\/michaelbirrer\/<\/a><\/p>\n\n\n\n<p><em>N<\/em>ews <em>Channels:<\/em><br>Telegram: <a rel=\"noreferrer noopener\" href=\"https:\/\/t.me\/riginews\" target=\"_blank\">https:\/\/t.me\/riginews<\/a><br>Whatsapp: <a href=\"https:\/\/chat.whatsapp.com\/HQnCmXRX4TH4Pm4cWxHuWf\" target=\"_blank\" rel=\"noreferrer noopener\">https:\/\/chat.whatsapp.com\/HQnCmXRX4TH4Pm4cWxHuWf<\/a><br><\/p>\n<\/div><\/div>\n\n\n\n<hr class=\"wp-block-separator has-css-opacity\"\/>\n\n\n\n<p><strong>Stationen<\/strong><\/p>\n\n\n\n<ul class=\"wp-block-list\">\n<li>Aufgewachsen in Arth am See im Kanton Schwyz und in Brusino-Arsizio im Tessin.<\/li>\n\n\n\n<li>Primarschule Arth-Goldau,  Collegio Don Bosco Maroggia,  Gymnasium Immensee<\/li>\n\n\n\n<li>Mehrere Jahre wohnhaft in W\u00e4denswil (ZH) &amp; Oberarth (SZ) &amp; Meggen (LU)<\/li>\n\n\n\n<li>Wohnhaft auf der Rigi (Arth) &#8211; Vater von zwei Kindern<\/li>\n<\/ul>\n\n\n\n<p><strong>Interessen<\/strong><\/p>\n\n\n\n<ul class=\"wp-block-list\">\n<li>Astrophysik, Zeit &amp; Energie <\/li>\n\n\n\n<li>Daten\u00fcbermittlungstechnik, Netzwerk- und Funktechnik (Amateurfunker)<\/li>\n\n\n\n<li>Politik (Komunalpolitik, Staatsrecht, Europarecht)<\/li>\n\n\n\n<li>Literatur, Philosophie, Evolutionspsychologie, Gesellschaftsthemen<\/li>\n\n\n\n<li>Whisky, Kirsch und Zigarren<\/li>\n\n\n\n<li>Kochen, Wandern, Radfahren, Musik<\/li>\n\n\n\n<li>F\u00fc\u00fcrli machen und Staud\u00e4mme bauen am Rufibach \ud83d\ude42<\/li>\n<\/ul>\n\n\n\n<p><\/p>\n","protected":false},"excerpt":{"rendered":"<p>Michael A. Birrer Kontakt:Telefon +41 41 540 04 04eMail: michael@birrer.swiss Social Media:https:\/\/www.facebook.com\/michael.birrerhttps:\/\/www.linkedin.com\/in\/michaelbirrer\/ News Channels:Telegram: https:\/\/t.me\/riginewsWhatsapp: https:\/\/chat.whatsapp.com\/HQnCmXRX4TH4Pm4cWxHuWf Stationen Interessen<\/p>\n","protected":false},"author":2,"featured_media":0,"parent":0,"menu_order":0,"comment_status":"closed","ping_status":"closed","template":"","meta":{"footnotes":""},"class_list":["post-178","page","type-page","status-publish","hentry"],"featured_media_urls":[],"_links":{"self":[{"href":"https:\/\/birrer.swiss\/index.php?rest_route=\/wp\/v2\/pages\/178","targetHints":{"allow":["GET"]}}],"collection":[{"href":"https:\/\/birrer.swiss\/index.php?rest_route=\/wp\/v2\/pages"}],"about":[{"href":"https:\/\/birrer.swiss\/index.php?rest_route=\/wp\/v2\/types\/page"}],"author":[{"embeddable":true,"href":"https:\/\/birrer.swiss\/index.php?rest_route=\/wp\/v2\/users\/2"}],"replies":[{"embeddable":true,"href":"https:\/\/birrer.swiss\/index.php?rest_route=%2Fwp%2Fv2%2Fcomments&post=178"}],"version-history":[{"count":14,"href":"https:\/\/birrer.swiss\/index.php?rest_route=\/wp\/v2\/pages\/178\/revisions"}],"predecessor-version":[{"id":2513,"href":"https:\/\/birrer.swiss\/index.php?rest_route=\/wp\/v2\/pages\/178\/revisions\/2513"}],"wp:attachment":[{"href":"https:\/\/birrer.swiss\/index.php?rest_route=%2Fwp%2Fv2%2Fmedia&parent=178"}],"curies":[{"name":"wp","href":"https:\/\/api.w.org\/{rel}","templated":true}]}}